{"id":803,"date":"2024-03-20T12:47:45","date_gmt":"2024-03-20T12:47:45","guid":{"rendered":"https:\/\/lapepiniereschoolcasablanca.com\/?page_id=803"},"modified":"2024-03-20T15:18:47","modified_gmt":"2024-03-20T15:18:47","slug":"lycee","status":"publish","type":"page","link":"https:\/\/lapepiniereschoolcasablanca.com\/en\/accueil\/enseignement\/lycee\/","title":{"rendered":"High school"},"content":{"rendered":"<div data-elementor-type=\"wp-page\" data-elementor-id=\"803\" class=\"elementor elementor-803\">\n\t\t\t\t\t\t<section class=\"elementor-section elementor-top-section elementor-element elementor-element-fa6681d elementor-section-boxed elementor-section-height-default elementor-section-height-default\" data-id=\"fa6681d\" data-element_type=\"section\">\n\t\t\t\t\t\t<div class=\"elementor-container elementor-column-gap-default\">\n\t\t\t\t\t<div class=\"elementor-column elementor-col-50 elementor-top-column elementor-element elementor-element-0d50d90\" data-id=\"0d50d90\" data-element_type=\"column\">\n\t\t\t<div class=\"elementor-widget-wrap elementor-element-populated\">\n\t\t\t\t\t\t<div class=\"elementor-element elementor-element-6c3f753 elementor-widget elementor-widget-heading\" data-id=\"6c3f753\" data-element_type=\"widget\" data-widget_type=\"heading.default\">\n\t\t\t\t<div class=\"elementor-widget-container\">\n\t\t\t<h2 class=\"elementor-heading-title elementor-size-default\">\u00c9veiller la Curiosit\u00e9 et Encourager l'Excellence \u00e0 la P\u00e9pini\u00e8re School Casablanca<\/h2>\t\t<\/div>\n\t\t\t\t<\/div>\n\t\t\t\t<div class=\"elementor-element elementor-element-32adeea elementor-widget elementor-widget-heading\" data-id=\"32adeea\" data-element_type=\"widget\" data-widget_type=\"heading.default\">\n\t\t\t\t<div class=\"elementor-widget-container\">\n\t\t\t<p class=\"elementor-heading-title elementor-size-default\">Nous sommes d\u00e9termin\u00e9s \u00e0 cr\u00e9er un environnement propice \u00e0 l'apprentissage o\u00f9 chaque \u00e9l\u00e8ve est encourag\u00e9 \u00e0 explorer ses passions et \u00e0 exceller dans tous les domaines.<\/p>\t\t<\/div>\n\t\t\t\t<\/div>\n\t\t\t\t<div class=\"elementor-element elementor-element-71d9185 elementor-widget elementor-widget-heading\" data-id=\"71d9185\" data-element_type=\"widget\" data-widget_type=\"heading.default\">\n\t\t\t\t<div class=\"elementor-widget-container\">\n\t\t\t<p class=\"elementor-heading-title elementor-size-default\">\u00c0 la P\u00e9pini\u00e8re School Casablanca, nous croyons en l'importance de cultiver la curiosit\u00e9 inn\u00e9e de nos lyc\u00e9ens et en leur potentiel pour devenir des individus passionn\u00e9s, responsables et engag\u00e9s dans leur parcours scolaire et au-del\u00e0.<\/p>\t\t<\/div>\n\t\t\t\t<\/div>\n\t\t\t\t<section class=\"elementor-section elementor-inner-section elementor-element elementor-element-d282fd2 elementor-section-boxed elementor-section-height-default elementor-section-height-default\" data-id=\"d282fd2\" data-element_type=\"section\">\n\t\t\t\t\t\t<div class=\"elementor-container elementor-column-gap-default\">\n\t\t\t\t\t<div class=\"elementor-column elementor-col-100 elementor-inner-column elementor-element elementor-element-f85494b\" data-id=\"f85494b\" data-element_type=\"column\">\n\t\t\t<div class=\"elementor-widget-wrap elementor-element-populated\">\n\t\t\t\t\t\t<div class=\"elementor-element elementor-element-0d8fd44 elementor-widget elementor-widget-heading\" data-id=\"0d8fd44\" data-element_type=\"widget\" data-widget_type=\"heading.default\">\n\t\t\t\t<div class=\"elementor-widget-container\">\n\t\t\t<h4 class=\"elementor-heading-title elementor-size-default\">Notre Approche P\u00e9dagogique :<\/h4>\t\t<\/div>\n\t\t\t\t<\/div>\n\t\t\t\t<div class=\"elementor-element elementor-element-65b2a5a elementor-widget elementor-widget-text-editor\" data-id=\"65b2a5a\" data-element_type=\"widget\" data-widget_type=\"text-editor.default\">\n\t\t\t\t<div class=\"elementor-widget-container\">\n\t\t\t\t\t\t\t<p>\u00c0 la P\u00e9pini\u00e8re School Casablanca, l&#8217;approche p\u00e9dagogique pour le lyc\u00e9e est con\u00e7ue pour nourrir l&#8217;\u00e9panouissement intellectuel et personnel de chaque \u00e9l\u00e8ve, tout en les pr\u00e9parant activement pour les d\u00e9fis du monde moderne. Fond\u00e9e sur des principes d&#8217;excellence acad\u00e9mique et de d\u00e9veloppement holistique, notre \u00e9cole adopte une approche centr\u00e9e sur l&#8217;\u00e9l\u00e8ve, favorisant l&#8217;autonomie, la cr\u00e9ativit\u00e9 et l&#8217;esprit critique.<\/p>\t\t\t\t\t\t<\/div>\n\t\t\t\t<\/div>\n\t\t\t\t<div class=\"elementor-element elementor-element-3b636ac elementor-widget elementor-widget-toggle\" data-id=\"3b636ac\" data-element_type=\"widget\" data-widget_type=\"toggle.default\">\n\t\t\t\t<div class=\"elementor-widget-container\">\n\t\t\t\t\t<div class=\"elementor-toggle\">\n\t\t\t\t\t\t\t<div class=\"elementor-toggle-item\">\n\t\t\t\t\t<div id=\"elementor-tab-title-6221\" class=\"elementor-tab-title\" data-tab=\"1\" role=\"button\" aria-controls=\"elementor-tab-content-6221\" aria-expanded=\"false\">\n\t\t\t\t\t\t\t\t\t\t\t\t<span class=\"elementor-toggle-icon elementor-toggle-icon-left\" aria-hidden=\"true\">\n\t\t\t\t\t\t\t\t\t\t\t\t\t\t\t<span class=\"elementor-toggle-icon-closed\"><i class=\"fas fa-caret-right\"><\/i><\/span>\n\t\t\t\t\t\t\t\t<span class=\"elementor-toggle-icon-opened\"><i class=\"elementor-toggle-icon-opened fas fa-caret-up\"><\/i><\/span>\n\t\t\t\t\t\t\t\t\t\t\t\t\t<\/span>\n\t\t\t\t\t\t\t\t\t\t\t\t<a class=\"elementor-toggle-title\" tabindex=\"0\">Environnement d'Apprentissage Inspirant<\/a>\n\t\t\t\t\t<\/div>\n\n\t\t\t\t\t<div id=\"elementor-tab-content-6221\" class=\"elementor-tab-content elementor-clearfix\" data-tab=\"1\" role=\"region\" aria-labelledby=\"elementor-tab-title-6221\"><p>\u00c0 la P\u00e9pini\u00e8re School Casablanca, l&#8217;environnement d&#8217;apprentissage au lyc\u00e9e est soigneusement con\u00e7u pour favoriser la croissance intellectuelle, \u00e9motionnelle et sociale de nos \u00e9l\u00e8ves.<\/p><p>Nos salles de classe sont des espaces dynamiques o\u00f9 l&#8217;interaction, la collaboration et la participation active sont encourag\u00e9es. Les enseignants adoptent des m\u00e9thodes d&#8217;enseignement innovantes et diff\u00e9renci\u00e9es, adapt\u00e9es aux besoins individuels de chaque \u00e9l\u00e8ve. De plus, nous int\u00e9grons des technologies de pointe pour enrichir l&#8217;exp\u00e9rience d&#8217;apprentissage et pr\u00e9parer nos \u00e9tudiants aux d\u00e9fis du monde num\u00e9rique.<\/p><\/div>\n\t\t\t\t<\/div>\n\t\t\t\t\t\t\t<div class=\"elementor-toggle-item\">\n\t\t\t\t\t<div id=\"elementor-tab-title-6222\" class=\"elementor-tab-title\" data-tab=\"2\" role=\"button\" aria-controls=\"elementor-tab-content-6222\" aria-expanded=\"false\">\n\t\t\t\t\t\t\t\t\t\t\t\t<span class=\"elementor-toggle-icon elementor-toggle-icon-left\" aria-hidden=\"true\">\n\t\t\t\t\t\t\t\t\t\t\t\t\t\t\t<span class=\"elementor-toggle-icon-closed\"><i class=\"fas fa-caret-right\"><\/i><\/span>\n\t\t\t\t\t\t\t\t<span class=\"elementor-toggle-icon-opened\"><i class=\"elementor-toggle-icon-opened fas fa-caret-up\"><\/i><\/span>\n\t\t\t\t\t\t\t\t\t\t\t\t\t<\/span>\n\t\t\t\t\t\t\t\t\t\t\t\t<a class=\"elementor-toggle-title\" tabindex=\"0\">Programmes Acad\u00e9miques et \u00c9panouissants<\/a>\n\t\t\t\t\t<\/div>\n\n\t\t\t\t\t<div id=\"elementor-tab-content-6222\" class=\"elementor-tab-content elementor-clearfix\" data-tab=\"2\" role=\"region\" aria-labelledby=\"elementor-tab-title-6222\"><p>Au c\u0153ur de notre environnement d&#8217;apprentissage au lyc\u00e9e se trouve un programme acad\u00e9mique rigoureux et enrichissant, con\u00e7u pour pr\u00e9parer nos \u00e9l\u00e8ves \u00e0 r\u00e9ussir dans un monde en constante \u00e9volution.<\/p><p>Nous mettons l&#8217;accent sur l&#8217;acquisition de comp\u00e9tences essentielles telles que la pens\u00e9e critique, la r\u00e9solution de probl\u00e8mes et la communication efficace, tout en encourageant la curiosit\u00e9 intellectuelle et la cr\u00e9ativit\u00e9.<\/p><\/div>\n\t\t\t\t<\/div>\n\t\t\t\t\t\t\t<div class=\"elementor-toggle-item\">\n\t\t\t\t\t<div id=\"elementor-tab-title-6223\" class=\"elementor-tab-title\" data-tab=\"3\" role=\"button\" aria-controls=\"elementor-tab-content-6223\" aria-expanded=\"false\">\n\t\t\t\t\t\t\t\t\t\t\t\t<span class=\"elementor-toggle-icon elementor-toggle-icon-left\" aria-hidden=\"true\">\n\t\t\t\t\t\t\t\t\t\t\t\t\t\t\t<span class=\"elementor-toggle-icon-closed\"><i class=\"fas fa-caret-right\"><\/i><\/span>\n\t\t\t\t\t\t\t\t<span class=\"elementor-toggle-icon-opened\"><i class=\"elementor-toggle-icon-opened fas fa-caret-up\"><\/i><\/span>\n\t\t\t\t\t\t\t\t\t\t\t\t\t<\/span>\n\t\t\t\t\t\t\t\t\t\t\t\t<a class=\"elementor-toggle-title\" tabindex=\"0\">D\u00e9veloppement Personnel et Responsabilit\u00e9 Sociale<\/a>\n\t\t\t\t\t<\/div>\n\n\t\t\t\t\t<div id=\"elementor-tab-content-6223\" class=\"elementor-tab-content elementor-clearfix\" data-tab=\"3\" role=\"region\" aria-labelledby=\"elementor-tab-title-6223\"><p>Au-del\u00e0 de l&#8217;aspect acad\u00e9mique, notre lyc\u00e9e \u00e0 la P\u00e9pini\u00e8re School Casablanca accorde une importance particuli\u00e8re au d\u00e9veloppement personnel de chaque \u00e9l\u00e8ve. Nous croyons fermement en l&#8217;importance d&#8217;encourager nos \u00e9l\u00e8ves \u00e0 d\u00e9couvrir leurs passions, \u00e0 d\u00e9velopper leur confiance en eux-m\u00eames et \u00e0 cultiver un sens de responsabilit\u00e9 et d&#8217;empathie envers les autres.<\/p><p>n fournissant un environnement de soutien et des opportunit\u00e9s d&#8217;apprentissage centr\u00e9es sur le d\u00e9veloppement personnel, nous visons \u00e0 pr\u00e9parer nos \u00e9l\u00e8ves \u00e0 r\u00e9ussir dans tous les aspects de leur vie.<\/p><\/div>\n\t\t\t\t<\/div>\n\t\t\t\t\t\t\t\t<\/div>\n\t\t\t\t<\/div>\n\t\t\t\t<\/div>\n\t\t\t\t\t<\/div>\n\t\t<\/div>\n\t\t\t\t\t<\/div>\n\t\t<\/section>\n\t\t\t\t\t<\/div>\n\t\t<\/div>\n\t\t\t\t<div class=\"elementor-column elementor-col-50 elementor-top-column elementor-element elementor-element-dcac760\" data-id=\"dcac760\" data-element_type=\"column\" data-settings=\"{&quot;background_background&quot;:&quot;classic&quot;}\">\n\t\t\t<div class=\"elementor-widget-wrap elementor-element-populated\">\n\t\t\t\t\t\t<section class=\"elementor-section elementor-inner-section elementor-element elementor-element-f610bad elementor-section-boxed elementor-section-height-default elementor-section-height-default\" data-id=\"f610bad\" data-element_type=\"section\" data-settings=\"{&quot;background_background&quot;:&quot;classic&quot;}\">\n\t\t\t\t\t\t<div class=\"elementor-container elementor-column-gap-default\">\n\t\t\t\t\t<div class=\"elementor-column elementor-col-100 elementor-inner-column elementor-element elementor-element-c32725d\" data-id=\"c32725d\" data-element_type=\"column\">\n\t\t\t<div class=\"elementor-widget-wrap elementor-element-populated\">\n\t\t\t\t\t\t<div class=\"elementor-element elementor-element-928d174 elementor-widget elementor-widget-heading\" data-id=\"928d174\" data-element_type=\"widget\" data-widget_type=\"heading.default\">\n\t\t\t\t<div class=\"elementor-widget-container\">\n\t\t\t<h4 class=\"elementor-heading-title elementor-size-default\">Rentr\u00e9e Scolaire 2024\/2025<\/h4>\t\t<\/div>\n\t\t\t\t<\/div>\n\t\t\t\t<div class=\"elementor-element elementor-element-5ee79ea elementor-widget elementor-widget-heading\" data-id=\"5ee79ea\" data-element_type=\"widget\" data-widget_type=\"heading.default\">\n\t\t\t\t<div class=\"elementor-widget-container\">\n\t\t\t<p class=\"elementor-heading-title elementor-size-default\">Rejoignez le Lyc\u00e9e de la P\u00e9pini\u00e8re School Casablanca !<\/p>\t\t<\/div>\n\t\t\t\t<\/div>\n\t\t\t\t<div class=\"elementor-element elementor-element-8a4b38e elementor-align-left elementor-tablet-align-center elementor-widget elementor-widget-button\" data-id=\"8a4b38e\" data-element_type=\"widget\" data-widget_type=\"button.default\">\n\t\t\t\t<div class=\"elementor-widget-container\">\n\t\t\t\t\t<div class=\"elementor-button-wrapper\">\n\t\t\t<a class=\"elementor-button elementor-button-link elementor-size-md\" href=\"https:\/\/lapepiniereschoolcasablanca.com\/en\/inscriptions\/\">\n\t\t\t\t\t\t<span class=\"elementor-button-content-wrapper\">\n\t\t\t\t\t\t<span class=\"elementor-button-icon elementor-align-icon-right\">\n\t\t\t\t<i aria-hidden=\"true\" class=\"fas fa-caret-right\"><\/i>\t\t\t<\/span>\n\t\t\t\t\t\t\t\t\t<span class=\"elementor-button-text\">s'inscrire<\/span>\n\t\t\t\t\t<\/span>\n\t\t\t\t\t<\/a>\n\t\t<\/div>\n\t\t\t\t<\/div>\n\t\t\t\t<\/div>\n\t\t\t\t\t<\/div>\n\t\t<\/div>\n\t\t\t\t\t<\/div>\n\t\t<\/section>\n\t\t\t\t<section class=\"elementor-section elementor-inner-section elementor-element elementor-element-b2fb7ef elementor-hidden-desktop elementor-hidden-tablet elementor-hidden-mobile elementor-section-boxed elementor-section-height-default elementor-section-height-default\" data-id=\"b2fb7ef\" data-element_type=\"section\" data-settings=\"{&quot;background_background&quot;:&quot;classic&quot;}\">\n\t\t\t\t\t\t<div class=\"elementor-container elementor-column-gap-default\">\n\t\t\t\t\t<div class=\"elementor-column elementor-col-100 elementor-inner-column elementor-element elementor-element-47f25d6\" data-id=\"47f25d6\" data-element_type=\"column\">\n\t\t\t<div class=\"elementor-widget-wrap elementor-element-populated\">\n\t\t\t\t\t\t<div class=\"elementor-element elementor-element-13ceb3d elementor-position-left icon-box-arrow elementor-vertical-align-middle elementor-view-default elementor-mobile-position-top elementor-widget elementor-widget-icon-box\" data-id=\"13ceb3d\" data-element_type=\"widget\" data-widget_type=\"icon-box.default\">\n\t\t\t\t<div class=\"elementor-widget-container\">\n\t\t\t\t\t<div class=\"elementor-icon-box-wrapper\">\n\n\t\t\t\t\t\t<div class=\"elementor-icon-box-icon\">\n\t\t\t\t<a href=\"#\" class=\"elementor-icon elementor-animation-\" tabindex=\"-1\">\n\t\t\t\t<i aria-hidden=\"true\" class=\"fas fa-download\"><\/i>\t\t\t\t<\/a>\n\t\t\t<\/div>\n\t\t\t\n\t\t\t\t\t\t<div class=\"elementor-icon-box-content\">\n\n\t\t\t\t\t\t\t\t\t<h4 class=\"elementor-icon-box-title\">\n\t\t\t\t\t\t<a href=\"#\" >\n\t\t\t\t\t\t\tBROCHURE\t\t\t\t\t\t<\/a>\n\t\t\t\t\t<\/h4>\n\t\t\t\t\n\t\t\t\t\n\t\t\t<\/div>\n\t\t\t\n\t\t<\/div>\n\t\t\t\t<\/div>\n\t\t\t\t<\/div>\n\t\t\t\t\t<\/div>\n\t\t<\/div>\n\t\t\t\t\t<\/div>\n\t\t<\/section>\n\t\t\t\t<section class=\"elementor-section elementor-inner-section elementor-element elementor-element-02790a4 elementor-section-boxed elementor-section-height-default elementor-section-height-default\" data-id=\"02790a4\" data-element_type=\"section\" data-settings=\"{&quot;background_background&quot;:&quot;classic&quot;}\">\n\t\t\t\t\t\t<div class=\"elementor-container elementor-column-gap-default\">\n\t\t\t\t\t<div class=\"elementor-column elementor-col-100 elementor-inner-column elementor-element elementor-element-7b717b6\" data-id=\"7b717b6\" data-element_type=\"column\">\n\t\t\t<div class=\"elementor-widget-wrap elementor-element-populated\">\n\t\t\t\t\t\t<div class=\"elementor-element elementor-element-b2d385a elementor-position-left icon-box-arrow elementor-vertical-align-middle elementor-view-default elementor-mobile-position-top elementor-widget elementor-widget-icon-box\" data-id=\"b2d385a\" data-element_type=\"widget\" data-widget_type=\"icon-box.default\">\n\t\t\t\t<div class=\"elementor-widget-container\">\n\t\t\t\t\t<div class=\"elementor-icon-box-wrapper\">\n\n\t\t\t\t\t\t<div class=\"elementor-icon-box-icon\">\n\t\t\t\t<a href=\"https:\/\/lapepiniereschoolcasablanca.com\/en\/contact\/\" class=\"elementor-icon elementor-animation-\" tabindex=\"-1\">\n\t\t\t\t<i aria-hidden=\"true\" class=\"far fa-envelope\"><\/i>\t\t\t\t<\/a>\n\t\t\t<\/div>\n\t\t\t\n\t\t\t\t\t\t<div class=\"elementor-icon-box-content\">\n\n\t\t\t\t\t\t\t\t\t<h4 class=\"elementor-icon-box-title\">\n\t\t\t\t\t\t<a href=\"https:\/\/lapepiniereschoolcasablanca.com\/en\/contact\/\" >\n\t\t\t\t\t\t\tCONTACT\t\t\t\t\t\t<\/a>\n\t\t\t\t\t<\/h4>\n\t\t\t\t\n\t\t\t\t\n\t\t\t<\/div>\n\t\t\t\n\t\t<\/div>\n\t\t\t\t<\/div>\n\t\t\t\t<\/div>\n\t\t\t\t\t<\/div>\n\t\t<\/div>\n\t\t\t\t\t<\/div>\n\t\t<\/section>\n\t\t\t\t\t<\/div>\n\t\t<\/div>\n\t\t\t\t\t<\/div>\n\t\t<\/section>\n\t\t\t\t<\/div>","protected":false},"excerpt":{"rendered":"<p>\u00c9veiller la Curiosit\u00e9 et Encourager l&#8217;Excellence \u00e0 la P\u00e9pini\u00e8re School Casablanca Nous sommes d\u00e9termin\u00e9s \u00e0 cr\u00e9er un environnement propice \u00e0 l&#8217;apprentissage o\u00f9 chaque \u00e9l\u00e8ve est&nbsp;<a href=\"https:\/\/lapepiniereschoolcasablanca.com\/en\/accueil\/enseignement\/lycee\/\">&hellip;<\/a><\/p>","protected":false},"author":1,"featured_media":0,"parent":427,"menu_order":0,"comment_status":"closed","ping_status":"closed","template":"template-sidebar-left-childpages.php","meta":{"footnotes":""},"class_list":["post-803","page","type-page","status-publish","hentry","odd"],"_links":{"self":[{"href":"https:\/\/lapepiniereschoolcasablanca.com\/en\/wp-json\/wp\/v2\/pages\/803","targetHints":{"allow":["GET"]}}],"collection":[{"href":"https:\/\/lapepiniereschoolcasablanca.com\/en\/wp-json\/wp\/v2\/pages"}],"about":[{"href":"https:\/\/lapepiniereschoolcasablanca.com\/en\/wp-json\/wp\/v2\/types\/page"}],"author":[{"embeddable":true,"href":"https:\/\/lapepiniereschoolcasablanca.com\/en\/wp-json\/wp\/v2\/users\/1"}],"replies":[{"embeddable":true,"href":"https:\/\/lapepiniereschoolcasablanca.com\/en\/wp-json\/wp\/v2\/comments?post=803"}],"version-history":[{"count":4,"href":"https:\/\/lapepiniereschoolcasablanca.com\/en\/wp-json\/wp\/v2\/pages\/803\/revisions"}],"predecessor-version":[{"id":808,"href":"https:\/\/lapepiniereschoolcasablanca.com\/en\/wp-json\/wp\/v2\/pages\/803\/revisions\/808"}],"up":[{"embeddable":true,"href":"https:\/\/lapepiniereschoolcasablanca.com\/en\/wp-json\/wp\/v2\/pages\/427"}],"wp:attachment":[{"href":"https:\/\/lapepiniereschoolcasablanca.com\/en\/wp-json\/wp\/v2\/media?parent=803"}],"curies":[{"name":"wp","href":"https:\/\/api.w.org\/{rel}","templated":true}]}}